{"id":13770,"date":"2024-07-02T10:13:37","date_gmt":"2024-07-02T10:13:37","guid":{"rendered":"https:\/\/bemsventures.de\/contacto"},"modified":"2025-11-05T17:34:33","modified_gmt":"2025-11-05T17:34:33","slug":"contacto","status":"publish","type":"page","link":"https:\/\/bemsventures.de\/es\/contacto","title":{"rendered":"Contacto"},"content":{"rendered":"<p><div id=\"nuestrosvalores\" class=\"fusion-container-anchor\"><div class=\"fusion-fullwidth fullwidth-box fusion-builder-row-1 nonhundred-percent-fullwidth non-hundred-percent-height-scrolling contact-de\" style=\"--awb-background-position:left center;--awb-border-sizes-top:0px;--awb-border-sizes-bottom:0px;--awb-border-sizes-left:0px;--awb-border-sizes-right:0px;--awb-border-radius-top-left:0px;--awb-border-radius-top-right:0px;--awb-border-radius-bottom-right:0px;--awb-border-radius-bottom-left:0px;--awb-padding-top:20px;--awb-padding-bottom:20px;--awb-background-color:#f9f9f9;--awb-flex-wrap:wrap;\" ><div class=\"fusion-builder-row fusion-row\"><div class=\"fusion-layout-column fusion_builder_column fusion-builder-column-0 fusion_builder_column_1_1 1_1 fusion-one-full fusion-column-first fusion-column-last fusion-column-no-min-height\" style=\"--awb-padding-top:15px;--awb-bg-size:cover;--awb-margin-bottom:0px;\"><div class=\"fusion-column-wrapper fusion-flex-column-wrapper-legacy\"><div class=\"fusion-column-content-centered\"><div class=\"fusion-column-content\"><div class=\"fusion-text fusion-text-1\"><h1 style=\"text-align: center;\"><a class=\"waffle-rich-text-link\" data-sheets-formula-bar-text-link=\"http:\/\/bemsventures.de\/Kontakt-rasensamen\" data-sheets-formula-bar-text-style=\"font-size:13px;color:#1155cc;font-weight:normal;text-decoration:underline;font-family:'Arial';font-style:normal;text-decoration-skip-ink:none;\">Contacto<\/a><\/h1>\n<h2 style=\"text-align: center;\"><\/h2>\n<div id=\"gtx-trans\" style=\"position: absolute; left: 488px; top: 64.4375px;\">\n<div class=\"gtx-trans-icon\"><\/div>\n<\/div>\n<\/div><div class=\"fusion-text fusion-text-2\"><h2><strong>\u00bfTiene alg\u00fan problema con su pedido?<\/strong><\/h2>\n<p>Lamentamos que haya un problema con su producto. Nuestro equipo de atenci\u00f3n al cliente est\u00e1 a su disposici\u00f3n. Por favor, utilice los datos de contacto que aparecen a continuaci\u00f3n para ponerse en contacto con nosotros. Tramitaremos su solicitud lo antes posible.<\/p>\n<\/div><div class=\"fusion-text fusion-text-3\"><h3><b>WhatsApp<\/b><\/h3>\n<\/div><div class=\"fusion-image-element in-legacy-container\" style=\"--awb-margin-bottom:50px;--awb-max-width:50%;--awb-caption-title-font-family:var(--h2_typography-font-family);--awb-caption-title-font-weight:var(--h2_typography-font-weight);--awb-caption-title-font-style:var(--h2_typography-font-style);--awb-caption-title-size:var(--h2_typography-font-size);--awb-caption-title-transform:var(--h2_typography-text-transform);--awb-caption-title-line-height:var(--h2_typography-line-height);--awb-caption-title-letter-spacing:var(--h2_typography-letter-spacing);\"><span class=\" fusion-imageframe imageframe-none imageframe-1 hover-type-none whatsapp-button\" style=\"border-radius:5px;\"><a class=\"fusion-no-lightbox\" href=\"https:\/\/wa.me\/4915733999896\" target=\"_self\" aria-label=\"WhatsAppButtonGreenLarge-1\"><img decoding=\"async\" width=\"414\" height=\"96\" src=\"https:\/\/bemsventures.de\/wp-content\/uploads\/2024\/08\/WhatsAppButtonGreenLarge-1.png\" alt class=\"img-responsive wp-image-13762\" srcset=\"https:\/\/bemsventures.de\/wp-content\/uploads\/2024\/08\/WhatsAppButtonGreenLarge-1-200x46.png 200w, https:\/\/bemsventures.de\/wp-content\/uploads\/2024\/08\/WhatsAppButtonGreenLarge-1-400x93.png 400w, https:\/\/bemsventures.de\/wp-content\/uploads\/2024\/08\/WhatsAppButtonGreenLarge-1.png 414w\" sizes=\"(max-width: 800px) 100vw, 414px\" \/><\/a><\/span><\/div><div class=\"fusion-text fusion-text-4\"><div class=\"h svelte-7ipt5e\">\n<div class=\"url svelte-7ipt5e\">\n<h3 class=\"title svelte-7ipt5e\" title=\"Formularios de contacto | Magenta\"><strong>Formulario de contacto<\/strong><\/h3>\n<\/div>\n<\/div>\n<\/div><div class=\"forminator-ui forminator-custom-form forminator-custom-form-13769 forminator-design--default  forminator_ajax\" data-forminator-render=\"0\" data-form=\"forminator-module-13769\" data-uid=\"69f539bcc9d93\"><br\/><\/div><form\n\t\t\t\tid=\"forminator-module-13769\"\n\t\t\t\tclass=\"forminator-ui forminator-custom-form forminator-custom-form-13769 forminator-design--default  forminator_ajax\"\n\t\t\t\tmethod=\"post\"\n\t\t\t\tdata-forminator-render=\"0\"\n\t\t\t\tdata-form-id=\"13769\"\n\t\t\t\tenctype=\"multipart\/form-data\" data-color-option=\"default\" data-design=\"default\" data-grid=\"open\" style=\"display: none;\"\n\t\t\t\tdata-uid=\"69f539bcc9d93\"\n\t\t\t><div role=\"alert\" aria-live=\"polite\" class=\"forminator-response-message forminator-error\" aria-hidden=\"true\"><\/div><div class=\"forminator-row\"><div id=\"name-1\" class=\"forminator-field-name forminator-col forminator-col-6 \"><div class=\"forminator-field\"><label for=\"forminator-field-name-1_69f539bcc9d93\" id=\"forminator-field-name-1_69f539bcc9d93-label\" class=\"forminator-label\">Nombre <span class=\"forminator-required\">*<\/span><\/label><input type=\"text\" name=\"name-1\" value=\"\" placeholder=\"\" id=\"forminator-field-name-1_69f539bcc9d93\" class=\"forminator-input forminator-name--field\" aria-required=\"true\" autocomplete=\"name\" \/><\/div><\/div><div id=\"name-3\" class=\"forminator-field-name forminator-col forminator-col-6 \"><div class=\"forminator-field\"><label for=\"forminator-field-name-3_69f539bcc9d93\" id=\"forminator-field-name-3_69f539bcc9d93-label\" class=\"forminator-label\">N\u00famero de pedido <span class=\"forminator-required\">*<\/span><\/label><input type=\"text\" name=\"name-3\" value=\"\" placeholder=\"\" id=\"forminator-field-name-3_69f539bcc9d93\" class=\"forminator-input forminator-name--field\" aria-required=\"true\" autocomplete=\"name\" \/><\/div><\/div><\/div><div class=\"forminator-row\"><div id=\"email-1\" class=\"forminator-field-email forminator-col forminator-col-12 \"><div class=\"forminator-field\"><label for=\"forminator-field-email-1_69f539bcc9d93\" id=\"forminator-field-email-1_69f539bcc9d93-label\" class=\"forminator-label\">Correo electr\u00f3nico <span class=\"forminator-required\">*<\/span><\/label><input type=\"email\" name=\"email-1\" value=\"\" placeholder=\"\" id=\"forminator-field-email-1_69f539bcc9d93\" class=\"forminator-input forminator-email--field\" data-required=\"true\" aria-required=\"true\" autocomplete=\"email\" \/><\/div><\/div><\/div><div class=\"forminator-row\"><div id=\"radio-1\" class=\"forminator-field-radio forminator-col forminator-col-12 \"><div role=\"radiogroup\" class=\"forminator-field\" aria-labelledby=\"forminator-radiogroup-radio-1-69f539bcc9d93-label\"><span id=\"forminator-radiogroup-radio-1-69f539bcc9d93-label\" class=\"forminator-label\">Tipo de problema <span class=\"forminator-required\">*<\/span><\/span><label id=\"forminator-field-radio-1-label-1\" for=\"forminator-field-radio-1-1-69f539bcc9d93\" class=\"forminator-radio\" title=\"Embalaje o art\u00edculo da\u00f1ado\"><input type=\"radio\" name=\"radio-1\" value=\"one\" id=\"forminator-field-radio-1-1-69f539bcc9d93\" aria-labelledby=\"forminator-field-radio-1-label-1\" data-calculation=\"0\"   data-hidden-behavior=\"zero\"\/><span class=\"forminator-radio-bullet\" aria-hidden=\"true\"><\/span><span class=\"forminator-radio-label\">Embalaje o art\u00edculo da\u00f1ado<\/span><\/label><label id=\"forminator-field-radio-1-label-2\" for=\"forminator-field-radio-1-2-69f539bcc9d93\" class=\"forminator-radio\" title=\"Mercanc\u00eda no recibida\"><input type=\"radio\" name=\"radio-1\" value=\"two\" id=\"forminator-field-radio-1-2-69f539bcc9d93\" aria-labelledby=\"forminator-field-radio-1-label-2\" data-calculation=\"0\"   data-hidden-behavior=\"zero\"\/><span class=\"forminator-radio-bullet\" aria-hidden=\"true\"><\/span><span class=\"forminator-radio-label\">Mercanc\u00eda no recibida<\/span><\/label><label id=\"forminator-field-radio-1-label-3\" for=\"forminator-field-radio-1-3-69f539bcc9d93\" class=\"forminator-radio\" title=\"Sin el efecto deseado\"><input type=\"radio\" name=\"radio-1\" value=\"Fehlende-Teile\" id=\"forminator-field-radio-1-3-69f539bcc9d93\" aria-labelledby=\"forminator-field-radio-1-label-3\" data-calculation=\"0\"   data-hidden-behavior=\"zero\"\/><span class=\"forminator-radio-bullet\" aria-hidden=\"true\"><\/span><span class=\"forminator-radio-label\">Sin el efecto deseado<\/span><\/label><label id=\"forminator-field-radio-1-label-4\" for=\"forminator-field-radio-1-4-69f539bcc9d93\" class=\"forminator-radio\" title=\"Otro\"><input type=\"radio\" name=\"radio-1\" value=\"Andere\" id=\"forminator-field-radio-1-4-69f539bcc9d93\" aria-labelledby=\"forminator-field-radio-1-label-4\" data-calculation=\"0\"   data-hidden-behavior=\"zero\"\/><span class=\"forminator-radio-bullet\" aria-hidden=\"true\"><\/span><span class=\"forminator-radio-label\">Otro<\/span><\/label><\/div><\/div><\/div><div class=\"forminator-row\"><div id=\"radio-2\" class=\"forminator-field-radio forminator-col forminator-col-12 \"><div role=\"radiogroup\" class=\"forminator-field\" aria-labelledby=\"forminator-radiogroup-radio-2-69f539bcc9d93-label\"><span id=\"forminator-radiogroup-radio-2-69f539bcc9d93-label\" class=\"forminator-label\">Soluci\u00f3n deseada <span class=\"forminator-required\">*<\/span><\/span><label id=\"forminator-field-radio-2-label-1\" for=\"forminator-field-radio-2-1-69f539bcc9d93\" class=\"forminator-radio\" title=\"Env\u00edo de reemplazo\"><input type=\"radio\" name=\"radio-2\" value=\"one\" id=\"forminator-field-radio-2-1-69f539bcc9d93\" aria-labelledby=\"forminator-field-radio-2-label-1\" data-calculation=\"0\"   data-hidden-behavior=\"zero\"\/><span class=\"forminator-radio-bullet\" aria-hidden=\"true\"><\/span><span class=\"forminator-radio-label\">Env\u00edo de reemplazo<\/span><\/label><label id=\"forminator-field-radio-2-label-2\" for=\"forminator-field-radio-2-2-69f539bcc9d93\" class=\"forminator-radio\" title=\"Descuento\"><input type=\"radio\" name=\"radio-2\" value=\"two\" id=\"forminator-field-radio-2-2-69f539bcc9d93\" aria-labelledby=\"forminator-field-radio-2-label-2\" data-calculation=\"0\"   data-hidden-behavior=\"zero\"\/><span class=\"forminator-radio-bullet\" aria-hidden=\"true\"><\/span><span class=\"forminator-radio-label\">Descuento<\/span><\/label><label id=\"forminator-field-radio-2-label-3\" for=\"forminator-field-radio-2-3-69f539bcc9d93\" class=\"forminator-radio\" title=\"Reembolso &amp; devoluci\u00f3n\"><input type=\"radio\" name=\"radio-2\" value=\"Fehlende-Teile\" id=\"forminator-field-radio-2-3-69f539bcc9d93\" aria-labelledby=\"forminator-field-radio-2-label-3\" data-calculation=\"0\"   data-hidden-behavior=\"zero\"\/><span class=\"forminator-radio-bullet\" aria-hidden=\"true\"><\/span><span class=\"forminator-radio-label\">Reembolso &amp; devoluci\u00f3n<\/span><\/label><\/div><\/div><\/div><div class=\"forminator-row\"><div id=\"upload-1\" class=\"forminator-field-upload forminator-col forminator-col-12 \"><div class=\"forminator-field\"><label for=\"forminator-field-upload-1_69f539bcc9d93\" id=\"forminator-field-upload-1_69f539bcc9d93-label\" class=\"forminator-label\">Fotos \/ Archivos adjuntos<\/label><div class=\"forminator-file-upload \" data-element=\"upload-1_69f539bcc9d93\"><input type=\"file\" name=\"upload-1\" id=\"forminator-field-upload-1_69f539bcc9d93\" class=\"forminator-input-file\" accept=\".avif,.jpg,.jpeg,.jpe,.png,.webp,.xcf,.heic,.doc,.docx,.pdf,.gif\" tabindex=\"-1\"><button id=\"forminator-field-upload-1_69f539bcc9d93_button\" class=\"forminator-button forminator-button-upload\" data-id=\"forminator-field-upload-1_69f539bcc9d93\">Elegir archivo<\/button><span data-empty-text=\"Ning\u00fan archivo seleccionado\">Ning\u00fan archivo seleccionado<\/span><button class=\"forminator-button-delete\" style=\"display: none;\"><i class=\"forminator-icon-close\" aria-hidden=\"true\"><\/i><span class=\"forminator-screen-reader-only\">Eliminar el archivo subido<\/span><\/button><\/div><\/div><\/div><\/div><div class=\"forminator-row\"><div id=\"consent-1\" class=\"forminator-field-consent forminator-col forminator-col-12 \"><div class=\"forminator-field\"><label for=\"forminator-field-consent-1_69f539bcc9d93\" id=\"forminator-field-consent-1_69f539bcc9d93-label\" class=\"forminator-label\">Consentimiento <span class=\"forminator-required\">*<\/span><\/label><div class=\"forminator-checkbox__wrapper\"><label id=\"forminator-field-consent-1_69f539bcc9d93__label\" class=\"forminator-checkbox forminator-consent\"><input type=\"checkbox\" name=\"consent-1\" id=\"forminator-field-consent-1_69f539bcc9d93\" value=\"checked\" aria-labelledby=\"forminator-field-consent-1_69f539bcc9d93-label\" aria-describedby=\"forminator-field-consent-1_69f539bcc9d93__description\" data-required=\"true\" aria-required=\"true\" \/><span class=\"forminator-checkbox-box\" aria-hidden=\"true\"><\/span><\/label><div id=\"forminator-field-consent-1_69f539bcc9d93__description\" class=\"forminator-checkbox__label forminator-consent__label\"><p data-start=\"534\" data-end=\"607\">Acepto la pol\u00edtica de privacidad y las condiciones generales.<\/p><\/div><\/div><\/div><\/div><\/div><input type=\"hidden\" name=\"referer_url\" value=\"\" \/><div class=\"forminator-row forminator-row-last\"><div class=\"forminator-col\"><div class=\"forminator-field\"><button class=\"forminator-button forminator-button-submit\">Enviar mensaje<\/button><\/div><\/div><\/div><input type=\"hidden\" id=\"forminator_nonce\" name=\"forminator_nonce\" value=\"d7ccb13c80\" \/><input type=\"hidden\" name=\"_wp_http_referer\" value=\"\/es\/wp-json\/wp\/v2\/pages\/13770\" \/><input type=\"hidden\" name=\"form_id\" value=\"13769\"><input type=\"hidden\" name=\"page_id\" value=\"13770\"><input type=\"hidden\" name=\"form_type\" value=\"default\"><input type=\"hidden\" name=\"current_url\" value=\"https:\/\/bemsventures.de\/es\/contacto\"><input type=\"hidden\" name=\"render_id\" value=\"0\"><input type=\"hidden\" name=\"action\" value=\"forminator_submit_form_custom-forms\"><\/form><div class=\"fusion-text fusion-text-5\"><h3><strong>Datos de contacto<\/strong><\/h3>\n<p><strong>Soporte telef\u00f3nico<\/strong><br \/>Puede ponerse en contacto con nosotros por tel\u00e9fono en el:<br \/>Tel\u00e9fono: <a href=\"tel:+491606332065\">0160 6332065<\/a><\/p>\n<p>Nuestro horario de atenci\u00f3n telef\u00f3nica es:<br \/>* De lunes a viernes: de 9:00 a 18:00<\/p>\n<p><strong>Soporte por correo electr\u00f3nico<\/strong><br \/>Escr\u00edbanos un correo electr\u00f3nico con una descripci\u00f3n de su problema y, si es posible, con fotos de las piezas da\u00f1adas:<br \/>Correo electr\u00f3nico: <a href=\"mailto:office@bemsventures.de\">office@bemsventures.de<\/a><\/p>\n<p>Por favor, indique toda la informaci\u00f3n relevante, como su n\u00famero de pedido, la fecha del pedido y una descripci\u00f3n del problema, para que podamos ayudarle m\u00e1s r\u00e1pidamente.<\/p>\n<\/div><\/div><\/div><div class=\"fusion-clearfix\"><\/div><\/div><\/div><\/div><\/div><\/div><div class=\"fusion-fullwidth fullwidth-box fusion-builder-row-2 fusion-flex-container nonhundred-percent-fullwidth non-hundred-percent-height-scrolling\" style=\"--awb-border-radius-top-left:0px;--awb-border-radius-top-right:0px;--awb-border-radius-bottom-right:0px;--awb-border-radius-bottom-left:0px;--awb-margin-top:50px;--awb-margin-bottom:50px;--awb-flex-wrap:wrap;\" ><div class=\"fusion-builder-row fusion-row fusion-flex-align-items-flex-start fusion-flex-content-wrap\" style=\"max-width:1216.8px;margin-left: calc(-4% \/ 2 );margin-right: calc(-4% \/ 2 );\"><div class=\"fusion-layout-column fusion_builder_column fusion-builder-column-1 fusion_builder_column_1_1 1_1 fusion-flex-column\" style=\"--awb-bg-size:cover;--awb-width-large:100%;--awb-margin-top-large:0px;--awb-spacing-right-large:1.92%;--awb-margin-bottom-large:20px;--awb-spacing-left-large:1.92%;--awb-width-medium:100%;--awb-order-medium:0;--awb-spacing-right-medium:1.92%;--awb-spacing-left-medium:1.92%;--awb-width-small:100%;--awb-order-small:0;--awb-spacing-right-small:1.92%;--awb-spacing-left-small:1.92%;\"><div class=\"fusion-column-wrapper fusion-column-has-shadow fusion-flex-justify-content-flex-start fusion-content-layout-column\"><div class=\"fusion-text fusion-text-6\"><h2 class=\"fusion-responsive-typography-calculated\" style=\"text-align: center; --fontsize: 21; line-height: 1.29;\" data-fontsize=\"21\" data-lineheight=\"27.09px\"><strong>Marcas<\/strong><\/h2>\n<\/div><div class=\"awb-gallery-wrapper awb-gallery-wrapper-1 button-span-no\"><div style=\"margin:-5px;--awb-bordersize:0px;\" class=\"fusion-gallery fusion-gallery-container fusion-grid-6 fusion-columns-total-6 fusion-gallery-layout-grid fusion-gallery-1\"><div style=\"padding:5px;\" class=\"fusion-grid-column fusion-gallery-column fusion-gallery-column-6 hover-type-none\"><div class=\"fusion-gallery-image\"><img decoding=\"async\" src=\"https:\/\/bemsventures.de\/wp-content\/uploads\/2025\/10\/Bems-Meisterwerk-Logo_Webseite.png\" width=\"250\" height=\"120\" alt=\"\" title=\"Bems-Meisterwerk-Logo_Webseite\" aria-label=\"Bems-Meisterwerk-Logo_Webseite\" class=\"img-responsive wp-image-13763\" srcset=\"https:\/\/bemsventures.de\/wp-content\/uploads\/2025\/10\/Bems-Meisterwerk-Logo_Webseite-200x96.png 200w, https:\/\/bemsventures.de\/wp-content\/uploads\/2025\/10\/Bems-Meisterwerk-Logo_Webseite.png 250w\" sizes=\"(min-width: 2200px) 100vw, (min-width: 1100px) 191px, (min-width: 1008px) 229px, (min-width: 916px) 286px, (min-width: 824px) 382px, (min-width: 732px) 573px, (min-width: 640px) 732px, \" \/><\/div><\/div><div style=\"padding:5px;\" class=\"fusion-grid-column fusion-gallery-column fusion-gallery-column-6 hover-type-none\"><div class=\"fusion-gallery-image\"><img decoding=\"async\" src=\"https:\/\/bemsventures.de\/wp-content\/uploads\/2025\/10\/CycleHero-BEMS-Logo_Webseite.png\" width=\"250\" height=\"120\" alt=\"\" title=\"CycleHero-BEMS-Logo_Webseite\" aria-label=\"CycleHero-BEMS-Logo_Webseite\" class=\"img-responsive wp-image-13764\" srcset=\"https:\/\/bemsventures.de\/wp-content\/uploads\/2025\/10\/CycleHero-BEMS-Logo_Webseite-200x96.png 200w, https:\/\/bemsventures.de\/wp-content\/uploads\/2025\/10\/CycleHero-BEMS-Logo_Webseite.png 250w\" sizes=\"(min-width: 2200px) 100vw, (min-width: 1100px) 191px, (min-width: 1008px) 229px, (min-width: 916px) 286px, (min-width: 824px) 382px, (min-width: 732px) 573px, (min-width: 640px) 732px, \" \/><\/div><\/div><div style=\"padding:5px;\" class=\"fusion-grid-column fusion-gallery-column fusion-gallery-column-6 hover-type-none\"><div class=\"fusion-gallery-image\"><img decoding=\"async\" src=\"https:\/\/bemsventures.de\/wp-content\/uploads\/2025\/10\/LisaMax-BEMS-Logo_Webseite.jpg\" width=\"250\" height=\"120\" alt=\"\" title=\"LisaMax-BEMS-Logo_Webseite\" aria-label=\"LisaMax-BEMS-Logo_Webseite\" class=\"img-responsive wp-image-13765\" srcset=\"https:\/\/bemsventures.de\/wp-content\/uploads\/2025\/10\/LisaMax-BEMS-Logo_Webseite-200x96.jpg 200w, https:\/\/bemsventures.de\/wp-content\/uploads\/2025\/10\/LisaMax-BEMS-Logo_Webseite.jpg 250w\" sizes=\"(min-width: 2200px) 100vw, (min-width: 1100px) 191px, (min-width: 1008px) 229px, (min-width: 916px) 286px, (min-width: 824px) 382px, (min-width: 732px) 573px, (min-width: 640px) 732px, \" \/><\/div><\/div><div style=\"padding:5px;\" class=\"fusion-grid-column fusion-gallery-column fusion-gallery-column-6 hover-type-none\"><div class=\"fusion-gallery-image\"><img decoding=\"async\" src=\"https:\/\/bemsventures.de\/wp-content\/uploads\/2025\/10\/Pure-Living-Logo_Webseite.png\" width=\"250\" height=\"120\" alt=\"\" title=\"Pure-Living-Logo_Webseite\" aria-label=\"Pure-Living-Logo_Webseite\" class=\"img-responsive wp-image-13766\" srcset=\"https:\/\/bemsventures.de\/wp-content\/uploads\/2025\/10\/Pure-Living-Logo_Webseite-200x96.png 200w, https:\/\/bemsventures.de\/wp-content\/uploads\/2025\/10\/Pure-Living-Logo_Webseite.png 250w\" sizes=\"(min-width: 2200px) 100vw, (min-width: 1100px) 191px, (min-width: 1008px) 229px, (min-width: 916px) 286px, (min-width: 824px) 382px, (min-width: 732px) 573px, (min-width: 640px) 732px, \" \/><\/div><\/div><div style=\"padding:5px;\" class=\"fusion-grid-column fusion-gallery-column fusion-gallery-column-6 hover-type-none\"><div class=\"fusion-gallery-image\"><img decoding=\"async\" src=\"https:\/\/bemsventures.de\/wp-content\/uploads\/2025\/10\/Natureflow-Pets-Logo_3.png\" width=\"204\" height=\"105\" alt=\"\" title=\"Natureflow-Pets-Logo_3\" aria-label=\"Natureflow-Pets-Logo_3\" class=\"img-responsive wp-image-13767\" srcset=\"https:\/\/bemsventures.de\/wp-content\/uploads\/2025\/10\/Natureflow-Pets-Logo_3-200x103.png 200w, https:\/\/bemsventures.de\/wp-content\/uploads\/2025\/10\/Natureflow-Pets-Logo_3.png 204w\" sizes=\"(min-width: 2200px) 100vw, (min-width: 1100px) 191px, (min-width: 1008px) 229px, (min-width: 916px) 286px, (min-width: 824px) 382px, (min-width: 732px) 573px, (min-width: 640px) 732px, \" \/><\/div><\/div><div style=\"padding:5px;\" class=\"fusion-grid-column fusion-gallery-column fusion-gallery-column-6 hover-type-none\"><div class=\"fusion-gallery-image\"><img decoding=\"async\" src=\"https:\/\/bemsventures.de\/wp-content\/uploads\/2025\/10\/Natureflow-Garden-Logo_Webseite.png\" width=\"250\" height=\"120\" alt=\"\" title=\"Natureflow-Garden-Logo_Webseite\" aria-label=\"Natureflow-Garden-Logo_Webseite\" class=\"img-responsive wp-image-13768\" srcset=\"https:\/\/bemsventures.de\/wp-content\/uploads\/2025\/10\/Natureflow-Garden-Logo_Webseite-200x96.png 200w, https:\/\/bemsventures.de\/wp-content\/uploads\/2025\/10\/Natureflow-Garden-Logo_Webseite.png 250w\" sizes=\"(min-width: 2200px) 100vw, (min-width: 1100px) 191px, (min-width: 1008px) 229px, (min-width: 916px) 286px, (min-width: 824px) 382px, (min-width: 732px) 573px, (min-width: 640px) 732px, \" \/><\/div><\/div><div class=\"clearfix\"><\/div><\/div><\/div><\/div><\/div><\/div><\/div><\/p>\n","protected":false},"excerpt":{"rendered":"","protected":false},"author":1,"featured_media":0,"parent":0,"menu_order":0,"comment_status":"closed","ping_status":"closed","template":"100-width.php","meta":{"footnotes":""},"class_list":["post-13770","page","type-page","status-publish","hentry"],"_links":{"self":[{"href":"https:\/\/bemsventures.de\/es\/wp-json\/wp\/v2\/pages\/13770","targetHints":{"allow":["GET"]}}],"collection":[{"href":"https:\/\/bemsventures.de\/es\/wp-json\/wp\/v2\/pages"}],"about":[{"href":"https:\/\/bemsventures.de\/es\/wp-json\/wp\/v2\/types\/page"}],"author":[{"embeddable":true,"href":"https:\/\/bemsventures.de\/es\/wp-json\/wp\/v2\/users\/1"}],"replies":[{"embeddable":true,"href":"https:\/\/bemsventures.de\/es\/wp-json\/wp\/v2\/comments?post=13770"}],"version-history":[{"count":0,"href":"https:\/\/bemsventures.de\/es\/wp-json\/wp\/v2\/pages\/13770\/revisions"}],"wp:attachment":[{"href":"https:\/\/bemsventures.de\/es\/wp-json\/wp\/v2\/media?parent=13770"}],"curies":[{"name":"wp","href":"https:\/\/api.w.org\/{rel}","templated":true}]}}